{"id":544,"date":"2018-01-09T16:43:49","date_gmt":"2018-01-09T16:43:49","guid":{"rendered":"http:\/\/www.ochagavia.com\/?page_id=544&#038;lang=eu"},"modified":"2023-09-22T19:46:35","modified_gmt":"2023-09-22T17:46:35","slug":"corporacion-municipal","status":"publish","type":"page","link":"https:\/\/www.ochagavia.com\/eu\/udala\/udalbaltza\/corporacion-municipal\/","title":{"rendered":"Udalbatza"},"content":{"rendered":"<p>ALKATEA \/ ALCALDE: MIKEL AOIZ IRIARTE (OTSAGABIA)<br \/>\nTENIENTE ALCALDE \/ ALKATEORDEA: JESUS AGERRE ARA (EH BILDU)<br \/>\nCONCEJALES\/AS \/ ZINEGOTZIAK:<br \/>\nIRENE LACASIA IRIARTE (ANDU\u00d1A)<br \/>\nCRISTINA OCHOA ROLAN (ANDU\u00d1A)<br \/>\nSANTIAGO ELIZALDE (ANDU\u00d1A)<br \/>\nCLARA GOYENECHE AZCOITI (OTSAGABIA)<br \/>\nJOSE LUIS GAYARRE IMIZCOZ (EH BILDU)<\/p>\n","protected":false},"excerpt":{"rendered":"<p>ALKATEA \/ ALCALDE: MIKEL AOIZ IRIARTE (OTSAGABIA) TENIENTE ALCALDE \/ ALKATEORDEA: JESUS AGERRE ARA (EH BILDU) CONCEJALES\/AS \/ ZINEGOTZIAK: IRENE LACASIA IRIARTE (ANDU\u00d1A) CRISTINA OCHOA ROLAN (ANDU\u00d1A) SANTIAGO ELIZALDE (ANDU\u00d1A) CLARA GOYENECHE AZCOITI (OTSAGABIA) JOSE LUIS GAYARRE IMIZCOZ (EH BILDU)<\/p>\n","protected":false},"author":1,"featured_media":0,"parent":542,"menu_order":1,"comment_status":"closed","ping_status":"closed","template":"","meta":{"_et_pb_use_builder":"off","_et_pb_old_content":"","_et_gb_content_width":"","ngg_post_thumbnail":0,"footnotes":"","_links_to":"","_links_to_target":""},"aioseo_notices":[],"_links":{"self":[{"href":"https:\/\/www.ochagavia.com\/eu\/wp-json\/wp\/v2\/pages\/544"}],"collection":[{"href":"https:\/\/www.ochagavia.com\/eu\/wp-json\/wp\/v2\/pages"}],"about":[{"href":"https:\/\/www.ochagavia.com\/eu\/wp-json\/wp\/v2\/types\/page"}],"author":[{"embeddable":true,"href":"https:\/\/www.ochagavia.com\/eu\/wp-json\/wp\/v2\/users\/1"}],"replies":[{"embeddable":true,"href":"https:\/\/www.ochagavia.com\/eu\/wp-json\/wp\/v2\/comments?post=544"}],"version-history":[{"count":10,"href":"https:\/\/www.ochagavia.com\/eu\/wp-json\/wp\/v2\/pages\/544\/revisions"}],"predecessor-version":[{"id":2348,"href":"https:\/\/www.ochagavia.com\/eu\/wp-json\/wp\/v2\/pages\/544\/revisions\/2348"}],"up":[{"embeddable":true,"href":"https:\/\/www.ochagavia.com\/eu\/wp-json\/wp\/v2\/pages\/542"}],"wp:attachment":[{"href":"https:\/\/www.ochagavia.com\/eu\/wp-json\/wp\/v2\/media?parent=544"}],"curies":[{"name":"wp","href":"https:\/\/api.w.org\/{rel}","templated":true}]}}