{"id":528,"date":"2018-01-09T16:39:59","date_gmt":"2018-01-09T16:39:59","guid":{"rendered":"http:\/\/www.ochagavia.com\/?page_id=528&#038;lang=eu"},"modified":"2018-04-24T14:58:56","modified_gmt":"2018-04-24T14:58:56","slug":"hermanamiento","status":"publish","type":"page","link":"https:\/\/www.ochagavia.com\/eu\/hermanamiento\/","title":{"rendered":"Hermanamiento"},"content":{"rendered":"<p>[et_pb_section admin_label=&#8221;Secci\u00f3n&#8221; fullwidth=&#8221;on&#8221; specialty=&#8221;off&#8221;][et_pb_fullwidth_code admin_label=&#8221;C\u00f3digo de anchura completa&#8221;]\n\t\t\t<!-- START portada REVOLUTION SLIDER 6.1.8 --><p class=\"rs-p-wp-fix\"><\/p>\n\t\t\t<rs-module-wrap id=\"rev_slider_2_1_wrapper\" data-source=\"gallery\" style=\"background:#E9E9E9;padding:0;margin:0px auto;margin-top:0;margin-bottom:0;\">\n\t\t\t\t<rs-module id=\"rev_slider_2_1\" style=\"display:none;\" data-version=\"6.1.8\">\n\t\t\t\t\t<rs-slides>\n\t\t\t\t\t\t<rs-slide data-key=\"rs-1\" data-title=\"Slide\" data-anim=\"ei:d;eo:d;s:300;r:0;t:random;sl:7;\">\n\t\t\t\t\t\t\t<img decoding=\"async\" src=\"\/\/www.ochagavia.com\/wp-content\/uploads\/2018\/03\/panoramica_ocha.jpg\" title=\"Hermanamiento\" data-bg=\"p:center top;\" class=\"rev-slidebg\" data-no-retina>\n<!---->\t\t\t\t\t\t<\/rs-slide>\n\t\t\t\t\t\t<rs-slide data-key=\"rs-2\" data-title=\"Slide\" data-anim=\"ei:d;eo:d;s:300;r:0;t:random;sl:7;\">\n\t\t\t\t\t\t\t<img decoding=\"async\" src=\"\/\/www.ochagavia.com\/wp-content\/uploads\/2018\/03\/otsa2.jpg\" title=\"Hermanamiento\" data-bg=\"p:left center;\" class=\"rev-slidebg\" data-no-retina>\n<!--\n\t\t\t\t\t\t\t--><rs-layer\n\t\t\t\t\t\t\t\tid=\"slider-2-slide-2-layer-1\" \n\t\t\t\t\t\t\t\tclass=\"verybigwhite7\"\n\t\t\t\t\t\t\t\tdata-type=\"text\"\n\t\t\t\t\t\t\t\tdata-color=\"#ffffff\"\n\t\t\t\t\t\t\t\tdata-rsp_ch=\"on\"\n\t\t\t\t\t\t\t\tdata-xy=\"x:c;y:c;\"\n\t\t\t\t\t\t\t\tdata-text=\"s:42;l:60;fw:800;\"\n\t\t\t\t\t\t\t\tdata-padding=\"t:15;r:15;b:15;l:15;\"\n\t\t\t\t\t\t\t\tdata-frame_1=\"st:500;\"\n\t\t\t\t\t\t\t\tdata-frame_999=\"st:w;auto:true;\"\n\t\t\t\t\t\t\t\tstyle=\"z-index:5;background-color:rgba(0,0,0,0.50);font-family:Arial;text-shadow:none;white-space:nowrap;\"\n\t\t\t\t\t\t\t>OCHAGAVIA, ARTE POR FUERA\u2026<br>\n\u2026.ACOGEDOR REFUGIO POR DENTRO \n\t\t\t\t\t\t\t<\/rs-layer><!--\n-->\t\t\t\t\t\t<\/rs-slide>\n\t\t\t\t\t\t<rs-slide data-key=\"rs-3\" data-title=\"Slide\" data-anim=\"ei:d;eo:d;s:300;r:0;t:random;sl:7;\">\n\t\t\t\t\t\t\t<img decoding=\"async\" src=\"\/\/www.ochagavia.com\/wp-content\/uploads\/2018\/03\/otsa.jpg\" title=\"Hermanamiento\" data-bg=\"p:right center;\" class=\"rev-slidebg\" data-no-retina>\n<!--\n\t\t\t\t\t\t\t--><rs-layer\n\t\t\t\t\t\t\t\tid=\"slider-2-slide-3-layer-1\" \n\t\t\t\t\t\t\t\tclass=\"verybigwhite7\"\n\t\t\t\t\t\t\t\tdata-type=\"text\"\n\t\t\t\t\t\t\t\tdata-color=\"#ffffff\"\n\t\t\t\t\t\t\t\tdata-rsp_ch=\"on\"\n\t\t\t\t\t\t\t\tdata-xy=\"x:c;y:c;\"\n\t\t\t\t\t\t\t\tdata-text=\"s:42;l:60;fw:800;\"\n\t\t\t\t\t\t\t\tdata-padding=\"t:15;r:15;b:15;l:15;\"\n\t\t\t\t\t\t\t\tdata-frame_1=\"st:500;\"\n\t\t\t\t\t\t\t\tdata-frame_999=\"st:w;auto:true;\"\n\t\t\t\t\t\t\t\tstyle=\"z-index:5;background-color:rgba(0,0,0,0.50);font-family:Arial;text-shadow:none;white-space:nowrap;\"\n\t\t\t\t\t\t\t>OCHAGAVIA, CONSIDERADO UNO DE LOS<br> PUEBLOS M\u00c1S BELLOS DE NAVARRA \n\t\t\t\t\t\t\t<\/rs-layer><!--\n-->\t\t\t\t\t\t<\/rs-slide>\n\t\t\t\t\t\t<rs-slide data-key=\"rs-4\" data-title=\"Slide\" data-anim=\"ei:d;eo:d;s:300;r:0;t:random;sl:7;\">\n\t\t\t\t\t\t\t<img decoding=\"async\" src=\"\/\/www.ochagavia.com\/wp-content\/uploads\/2018\/03\/Foto-portada-1.jpg\" title=\"Hermanamiento\" data-bg=\"p:40% 20%;\" class=\"rev-slidebg\" data-no-retina>\n<!--\n\t\t\t\t\t\t\t--><rs-layer\n\t\t\t\t\t\t\t\tid=\"slider-2-slide-4-layer-1\" \n\t\t\t\t\t\t\t\tclass=\"verybigwhite7\"\n\t\t\t\t\t\t\t\tdata-type=\"text\"\n\t\t\t\t\t\t\t\tdata-color=\"#ffffff\"\n\t\t\t\t\t\t\t\tdata-rsp_ch=\"on\"\n\t\t\t\t\t\t\t\tdata-xy=\"x:c;y:c;\"\n\t\t\t\t\t\t\t\tdata-text=\"s:42;l:60;fw:800;\"\n\t\t\t\t\t\t\t\tdata-padding=\"t:15;r:15;b:15;l:15;\"\n\t\t\t\t\t\t\t\tdata-frame_1=\"st:500;\"\n\t\t\t\t\t\t\t\tdata-frame_999=\"st:w;auto:true;\"\n\t\t\t\t\t\t\t\tstyle=\"z-index:5;background-color:rgba(0,0,0,0.50);font-family:Arial;text-shadow:none;white-space:nowrap;\"\n\t\t\t\t\t\t\t>OCHAGAVIA, EN PLENA NATURALEZA \n\t\t\t\t\t\t\t<\/rs-layer><!--\n-->\t\t\t\t\t\t<\/rs-slide>\n\t\t\t\t\t\t<rs-slide data-key=\"rs-5\" data-title=\"Slide\" data-anim=\"ei:d;eo:d;s:300;r:0;t:random;sl:7;\">\n\t\t\t\t\t\t\t<img decoding=\"async\" src=\"\/\/www.ochagavia.com\/wp-content\/uploads\/2018\/03\/DSC0017-1.jpg\" title=\"Hermanamiento\" class=\"rev-slidebg\" data-no-retina>\n<!--\n\t\t\t\t\t\t\t--><rs-layer\n\t\t\t\t\t\t\t\tid=\"slider-2-slide-5-layer-1\" \n\t\t\t\t\t\t\t\tclass=\"verybigwhite7\"\n\t\t\t\t\t\t\t\tdata-type=\"text\"\n\t\t\t\t\t\t\t\tdata-color=\"#ffffff\"\n\t\t\t\t\t\t\t\tdata-rsp_ch=\"on\"\n\t\t\t\t\t\t\t\tdata-xy=\"x:c;y:c;\"\n\t\t\t\t\t\t\t\tdata-text=\"s:42;l:60;fw:800;\"\n\t\t\t\t\t\t\t\tdata-padding=\"t:15;r:15;b:15;l:15;\"\n\t\t\t\t\t\t\t\tdata-frame_1=\"st:500;\"\n\t\t\t\t\t\t\t\tdata-frame_999=\"st:w;auto:true;\"\n\t\t\t\t\t\t\t\tstyle=\"z-index:5;background-color:rgba(0,0,0,0.50);font-family:Arial;text-shadow:none;white-space:nowrap;\"\n\t\t\t\t\t\t\t>IRATI, BOSQUE DE BOSQUES \n\t\t\t\t\t\t\t<\/rs-layer><!--\n-->\t\t\t\t\t\t<\/rs-slide>\n\t\t\t\t\t<\/rs-slides>\n\t\t\t\t\t<rs-progress class=\"rs-bottom\" style=\"visibility: hidden !important;\"><\/rs-progress>\n\t\t\t\t<\/rs-module>\n\t\t\t\t<script type=\"text\/javascript\">\n\t\t\t\t\tsetREVStartSize({c: 'rev_slider_2_1',rl:[1240,1024,778,480],el:[450],gw:[960],gh:[450],type:'standard',justify:'',layout:'fullwidth',mh:\"450\"});\n\t\t\t\t\tvar\trevapi2,\n\t\t\t\t\t\ttpj;\n\t\t\t\t\tjQuery(function() {\n\t\t\t\t\t\ttpj = jQuery;\n\t\t\t\t\t\ttpj.noConflict();\n\t\t\t\t\t\tif(tpj(\"#rev_slider_2_1\").revolution == undefined){\n\t\t\t\t\t\t\trevslider_showDoubleJqueryError(\"#rev_slider_2_1\");\n\t\t\t\t\t\t}else{\n\t\t\t\t\t\t\trevapi2 = tpj(\"#rev_slider_2_1\").show().revolution({\n\t\t\t\t\t\t\t\tjsFileLocation:\"\/\/www.ochagavia.com\/wp-content\/plugins\/revsliderBUENO\/public\/assets\/js\/\",\n\t\t\t\t\t\t\t\tsliderLayout:\"fullwidth\",\n\t\t\t\t\t\t\t\tvisibilityLevels:\"1240,1024,778,480\",\n\t\t\t\t\t\t\t\tgridwidth:960,\n\t\t\t\t\t\t\t\tgridheight:450,\n\t\t\t\t\t\t\t\tminHeight:450,\n\t\t\t\t\t\t\t\tspinner:\"spinner0\",\n\t\t\t\t\t\t\t\teditorheight:\"450,768,960,720\",\n\t\t\t\t\t\t\t\tresponsiveLevels:\"1240,1024,778,480\",\n\t\t\t\t\t\t\t\tdisableProgressBar:\"on\",\n\t\t\t\t\t\t\t\tnavigation: {\n\t\t\t\t\t\t\t\t\tmouseScrollNavigation:false,\n\t\t\t\t\t\t\t\t\ttouch: {\n\t\t\t\t\t\t\t\t\t\ttouchenabled:true\n\t\t\t\t\t\t\t\t\t}\n\t\t\t\t\t\t\t\t},\n\t\t\t\t\t\t\t\tfallbacks: {\n\t\t\t\t\t\t\t\t\tignoreHeightChanges:\"\",\n\t\t\t\t\t\t\t\t\tallowHTML5AutoPlayOnAndroid:true\n\t\t\t\t\t\t\t\t},\n\t\t\t\t\t\t\t});\n\t\t\t\t\t\t}\n\t\t\t\t\t\t\n\t\t\t\t\t});\n\t\t\t\t<\/script>\n\t\t\t<\/rs-module-wrap>\n\t\t\t<!-- END REVOLUTION SLIDER -->\n[\/et_pb_fullwidth_code][\/et_pb_section][et_pb_section admin_label=&#8221;section&#8221;][et_pb_row admin_label=&#8221;row&#8221;][et_pb_column type=&#8221;1_4&#8243;][et_pb_sidebar admin_label=&#8221;Barra lateral&#8221; orientation=&#8221;right&#8221; area=&#8221;et_pb_widget_area_3&#8243; background_layout=&#8221;light&#8221; remove_border=&#8221;off&#8221;]<br \/>\n[\/et_pb_sidebar][\/et_pb_column][et_pb_column type=&#8221;1_2&#8243;][et_pb_post_title admin_label=&#8221;T\u00edtulo de publicaci\u00f3n&#8221; title=&#8221;on&#8221; meta=&#8221;off&#8221; author=&#8221;on&#8221; date=&#8221;on&#8221; categories=&#8221;on&#8221; comments=&#8221;on&#8221; featured_image=&#8221;off&#8221; featured_placement=&#8221;below&#8221; parallax_effect=&#8221;on&#8221; parallax_method=&#8221;on&#8221; text_orientation=&#8221;left&#8221; text_color=&#8221;dark&#8221; text_background=&#8221;off&#8221; text_bg_color=&#8221;rgba(255,255,255,0.9)&#8221; module_bg_color=&#8221;rgba(255,255,255,0)&#8221; title_all_caps=&#8221;off&#8221; use_border_color=&#8221;off&#8221; border_color=&#8221;#ffffff&#8221; border_style=&#8221;solid&#8221;]<br \/>\n[\/et_pb_post_title][et_pb_text admin_label=&#8221;Texto&#8221; background_layout=&#8221;light&#8221; text_orientation=&#8221;justified&#8221; use_border_color=&#8221;off&#8221; border_color=&#8221;#ffffff&#8221; border_style=&#8221;solid&#8221;]<\/p>\n<h5 style=\"text-align: center;\">PACTO DE HERMANDAD DE<\/h5>\n<h5 style=\"text-align: center;\">OCHAGAVIA\/OTSAGABIA Y TARDETS-SORHOLUS\/ATHARRATZE<\/h5>\n<p><a href=\"http:\/\/www.ochagavia.com\/\/\/wp-content\/uploads\/2017\/12\/hermanamiento.jpg\"><img loading=\"lazy\" decoding=\"async\" class=\"aligncenter wp-image-2497 size-large\" src=\"http:\/\/www.ochagavia.com\/\/\/wp-content\/uploads\/2017\/12\/hermanamiento-768x1024.jpg\" alt=\"\" width=\"768\" height=\"1024\" \/><\/a><\/p>\n<p>P\u00e1gina del Ayuntamiento de Tardets: <a href=\"http:\/\/www.tardets.com\" target=\"_blank\" rel=\"noopener\">www.tardets.com<\/a><\/p>\n<div style=\"height: 20px;\"><\/div>\n<p>Las localidades de Ochagav\u00eda y Tardets ( Francia) y en su nombre sus Ayuntamientos respectivos, firmaron el <strong>d\u00eda nueve de septiembre de mil novecientos sesenta y cinco<\/strong> la Hermandad o Jumelage entre ambas villas,<\/p>\n<p>Considerando que un medio para lograr y mantener la paz y armon\u00eda entre los pueblos, es la vinculaci\u00f3n de afanes e intereses comunes entre pueblos afines de distintos pa\u00edses movidas por el mismo esp\u00edritu de paz, libertad y prosperidad.<\/p>\n<p>Conscientes de los v\u00ednculos de amistad y confraternidad que existen entre ambos.<\/p>\n<p>Convencidos de que una estrecha e \u00edntima colaboraci\u00f3n entre los municipios ha de redundar en beneficios espirituales y materiales para ambos pueblos.<\/p>\n<p>Deseando dar un estado de derechos a sus espont\u00e1neas, sinceras e \u00edntimas relaciones de hermandad.<\/p>\n<p>Resueltos a colaborar en com\u00fan para el mejor logro de estos fines.<\/p>\n<p>Este Pacto se formaliz\u00f3 conforme a unas Bases, comprometi\u00e9ndose libre y espont\u00e1neamente, a fortalezer las afectivas relaciones sociales, culturales, deportivas y tur\u00edsticas, inspiradas en comunes deseos de paz, amistad y prosperidad.<\/p>\n<p>El d\u00eda 8 de septiembre de 2015, durante las Fiestas Patronales de la localidad de Ochagav\u00eda\/Otsagabia, se celebr\u00f3 el 50 aniversario de dicho hermanamiento, fue ratificado y se adquiri\u00f3 el firme compromiso de continuar juntos por la senda de la mutua colaboraci\u00f3n en todos los \u00e1mbitos y facetas, dentro de un marco basado en una profunda amistad y convivencia, a fin de alcanzar el mayor grado de desarrollo y bienestar.<\/p>\n<p><a href=\"http:\/\/www.ochagavia.com\/\/\/wp-content\/uploads\/2017\/12\/mani.jpg\"><img loading=\"lazy\" decoding=\"async\" class=\"alignleft size-large wp-image-2503\" src=\"http:\/\/www.ochagavia.com\/\/\/wp-content\/uploads\/2017\/12\/mani-1024x723.jpg\" alt=\"\" width=\"1024\" height=\"723\" \/><\/a><\/p>\n<p>&nbsp;<\/p>\n<p>[\/et_pb_text][\/et_pb_column][et_pb_column type=&#8221;1_4&#8243;][et_pb_sidebar admin_label=&#8221;Barra lateral&#8221; orientation=&#8221;left&#8221; area=&#8221;et_pb_widget_area_4&#8243; background_layout=&#8221;light&#8221; remove_border=&#8221;off&#8221;]<br \/>\n[\/et_pb_sidebar][\/et_pb_column][\/et_pb_row][\/et_pb_section]<\/p>\n","protected":false},"excerpt":{"rendered":"<p>[et_pb_section admin_label=&#8221;Secci\u00f3n&#8221; fullwidth=&#8221;on&#8221; specialty=&#8221;off&#8221;][et_pb_fullwidth_code admin_label=&#8221;C\u00f3digo de anchura completa&#8221;][\/et_pb_fullwidth_code][\/et_pb_section][et_pb_section admin_label=&#8221;section&#8221;][et_pb_row admin_label=&#8221;row&#8221;][et_pb_column type=&#8221;1_4&#8243;][et_pb_sidebar admin_label=&#8221;Barra lateral&#8221; orientation=&#8221;right&#8221; area=&#8221;et_pb_widget_area_3&#8243; background_layout=&#8221;light&#8221; remove_border=&#8221;off&#8221;] [\/et_pb_sidebar][\/et_pb_column][et_pb_column type=&#8221;1_2&#8243;][et_pb_post_title admin_label=&#8221;T\u00edtulo de publicaci\u00f3n&#8221; title=&#8221;on&#8221; meta=&#8221;off&#8221; author=&#8221;on&#8221; date=&#8221;on&#8221; categories=&#8221;on&#8221; comments=&#8221;on&#8221; featured_image=&#8221;off&#8221; featured_placement=&#8221;below&#8221; parallax_effect=&#8221;on&#8221; parallax_method=&#8221;on&#8221; text_orientation=&#8221;left&#8221; text_color=&#8221;dark&#8221; text_background=&#8221;off&#8221; text_bg_color=&#8221;rgba(255,255,255,0.9)&#8221; module_bg_color=&#8221;rgba(255,255,255,0)&#8221; title_all_caps=&#8221;off&#8221; use_border_color=&#8221;off&#8221; border_color=&#8221;#ffffff&#8221; border_style=&#8221;solid&#8221;] [\/et_pb_post_title][et_pb_text admin_label=&#8221;Texto&#8221; background_layout=&#8221;light&#8221; text_orientation=&#8221;justified&#8221; use_border_color=&#8221;off&#8221; border_color=&#8221;#ffffff&#8221; border_style=&#8221;solid&#8221;] PACTO DE HERMANDAD DE OCHAGAVIA\/OTSAGABIA Y TARDETS-SORHOLUS\/ATHARRATZE [&hellip;]<\/p>\n","protected":false},"author":1,"featured_media":0,"parent":0,"menu_order":0,"comment_status":"closed","ping_status":"closed","template":"","meta":{"_et_pb_use_builder":"off","_et_pb_old_content":"","_et_gb_content_width":"","ngg_post_thumbnail":0,"footnotes":"","_links_to":"","_links_to_target":""},"aioseo_notices":[],"_links":{"self":[{"href":"https:\/\/www.ochagavia.com\/eu\/wp-json\/wp\/v2\/pages\/528"}],"collection":[{"href":"https:\/\/www.ochagavia.com\/eu\/wp-json\/wp\/v2\/pages"}],"about":[{"href":"https:\/\/www.ochagavia.com\/eu\/wp-json\/wp\/v2\/types\/page"}],"author":[{"embeddable":true,"href":"https:\/\/www.ochagavia.com\/eu\/wp-json\/wp\/v2\/users\/1"}],"replies":[{"embeddable":true,"href":"https:\/\/www.ochagavia.com\/eu\/wp-json\/wp\/v2\/comments?post=528"}],"version-history":[{"count":3,"href":"https:\/\/www.ochagavia.com\/eu\/wp-json\/wp\/v2\/pages\/528\/revisions"}],"predecessor-version":[{"id":833,"href":"https:\/\/www.ochagavia.com\/eu\/wp-json\/wp\/v2\/pages\/528\/revisions\/833"}],"wp:attachment":[{"href":"https:\/\/www.ochagavia.com\/eu\/wp-json\/wp\/v2\/media?parent=528"}],"curies":[{"name":"wp","href":"https:\/\/api.w.org\/{rel}","templated":true}]}}