{"id":1185,"date":"2021-03-04T12:53:25","date_gmt":"2021-03-04T12:53:25","guid":{"rendered":"http:\/\/www.ochagavia.com\/eu\/?page_id=1185"},"modified":"2021-03-04T12:55:04","modified_gmt":"2021-03-04T12:55:04","slug":"arsol-eskubideak-erabiltzea","status":"publish","type":"page","link":"https:\/\/www.ochagavia.com\/eu\/arsol-eskubideak-erabiltzea\/","title":{"rendered":"ArSol eskubideak erabiltzea"},"content":{"rendered":"<p><script src=\"https:\/\/code.jquery.com\/jquery-3.4.1.js\"><\/script><br \/>\n<script type=\"text\/javascript\" src=\"https:\/\/consentimientos.com\/webservice\/gfm_consentimientos_b.js\"><\/script><br \/>\n\t\t<script>\n\t\tvar par1 = 'a51af101-c069-4e61-a064-36a00d4c25b4';\n\t\tvar par2 = 'a32095ff-3617-4fca-9417-071f8af5fa0c';\n\t\tfunction setArsol(){\t\t\n\t\t\tvar fileInput = jQuery('#dni_file');\n\t\t\tvar file = fileInput[0].files[0];\n\t\t\tvar reader  = new FileReader();\t\t\t\n\t\t\treader.onloadend = function () {\t\t\t\t\n\t\t\t\tvar _no_autorizo_envio_comunicaciones = 0;\n\t\t\t\tif (jQuery('#no_autorizo_envio_comunicaciones').prop('checked')){\n\t\t\t\t\t_no_autorizo_envio_comunicaciones = 1;\n\t\t\t\t}\n\t\t\t\tvar _no_autorizo_envio_comunicaciones_mensajeria_instantanea = 0;\n\t\t\t\tif (jQuery('#no_autorizo_envio_comunicaciones_mensajeria_instantanea').prop('checked')){\n\t\t\t\t\t_no_autorizo_envio_comunicaciones_mensajeria_instantanea = 1;\n\t\t\t\t}\n\t\t\t\tvar _no_autorizo_publicacion_imagenes_web = 0;\n\t\t\t\tif (jQuery('#no_autorizo_publicacion_imagenes_web').prop('checked')){\n\t\t\t\t\t_no_autorizo_publicacion_imagenes_web = 1;\n\t\t\t\t}\n\t\t\t\tvar _no_autorizo_publicacion_imagenes_redes = 0;\n\t\t\t\tif (jQuery('#no_autorizo_publicacion_imagenes_redes').prop('checked')){\n\t\t\t\t\t_no_autorizo_publicacion_imagenes_redes = 1;\n\t\t\t\t}\n\t\t\t\tvar _no_autorizo_publicacion_intranet_corporativa = 0;\n\t\t\t\tif (jQuery('#no_autorizo_publicacion_intranet_corporativa').prop('checked')){\n\t\t\t\t\t_no_autorizo_publicacion_intranet_corporativa = 1;\n\t\t\t\t}\n\t\t\t\tvar _no_autorizo_cesion_terceros = 0;\n\t\t\t\tif (jQuery('#no_autorizo_cesion_terceros').prop('checked')){\n\t\t\t\t\t_no_autorizo_cesion_terceros = 1;\n\t\t\t\t}\n\t\t\t\tvar _no_autorizo_tratamiento_datos_menores = 0;\n\t\t\t\tif (jQuery('#no_autorizo_tratamiento_datos_menores').prop('checked')){\n\t\t\t\t\t_no_autorizo_tratamiento_datos_menores = 1;\n\t\t\t\t}\n\t\t\t\tvar _no_autorizo_tratamiento_imagenes_reconocimiento_facial = 0;\n\t\t\t\tif (jQuery('#no_autorizo_tratamiento_imagenes_reconocimiento_facial').prop('checked')){\n\t\t\t\t\t_no_autorizo_tratamiento_imagenes_reconocimiento_facial = 1;\n\t\t\t\t}\n\t\t\t\tvar _no_autorizo_tratamiento_datos_bio = 0;\n\t\t\t\tif (jQuery('#no_autorizo_tratamiento_datos_bio').prop('checked')){\n\t\t\t\t\t_no_autorizo_tratamiento_datos_bio = 1;\n\t\t\t\t}\n\t\t\t\tvar _no_autorizo_tratamiento_datos_salud = 0;\n\t\t\t\tif (jQuery('#no_autorizo_tratamiento_datos_salud').prop('checked')){\n\t\t\t\t\t_no_autorizo_tratamiento_datos_salud = 1;\n\t\t\t\t}\n\t\t\t\tvar _no_autorizo_utilizacion_datos_personales_polizas_anuladas = 0;\n\t\t\t\tif (jQuery('#no_autorizo_utilizacion_datos_personales_polizas_anuladas').prop('checked')){\n\t\t\t\t\t_no_autorizo_utilizacion_datos_personales_polizas_anuladas = 1;\n\t\t\t\t}\t\n\t\t\t\tvar _otros_derechos = jQuery('#otros_derechos').val();\t\n\t\t\t\tvar parametros = '{\"PAR1\":\"' + par1 + '\", \"PAR2\":\"' + par2 + '\", \"fecha\":\"\", \"fecha_contestado\":\"\", \"derecho\":\"' + jQuery('#derecho').children(\"option:selected\").val() + '\", \"no_autorizo_envio_comunicaciones\":\"' + _no_autorizo_envio_comunicaciones + '\", \"no_autorizo_envio_comunicaciones_mensajeria_instantanea\":\"' + _no_autorizo_envio_comunicaciones_mensajeria_instantanea + '\", \"no_autorizo_publicacion_imagenes_web\":\"' + _no_autorizo_publicacion_imagenes_web + '\", \"no_autorizo_publicacion_imagenes_redes\":\"' + _no_autorizo_publicacion_imagenes_redes + '\", \"no_autorizo_publicacion_intranet_corporativa\":\"' + _no_autorizo_publicacion_intranet_corporativa + '\", \"no_autorizo_cesion_terceros\":\"' + _no_autorizo_cesion_terceros + '\", \"no_autorizo_tratamiento_datos_menores\":\"' + _no_autorizo_tratamiento_datos_menores + '\", \"no_autorizo_tratamiento_imagenes_reconocimiento_facial\":\"' + _no_autorizo_tratamiento_imagenes_reconocimiento_facial + '\", \"no_autorizo_tratamiento_datos_bio\":\"' + _no_autorizo_tratamiento_datos_bio + '\", \"no_autorizo_tratamiento_datos_salud\":\"' + _no_autorizo_tratamiento_datos_salud + '\", \"no_autorizo_utilizacion_datos_personales_polizas_anuladas\":\"' + _no_autorizo_utilizacion_datos_personales_polizas_anuladas + '\", \"otros_derechos\":\"' + _otros_derechos + '\", \"estado\":\"solicitado\", \"nombre\":\"' + jQuery('#nombre').val() + '\", \"apellido\":\"' + jQuery('#apellido').val() + '\", \"apellido2\":\"' + jQuery('#apellido2').val() + '\", \"dni\":\"' + jQuery('#dni').val() + '\", \"email\":\"' + jQuery('#email').val() + '\", \"menornombre\":\"' + jQuery('#nombremenor').val() + '\", \"menorapellido\":\"' + jQuery('#apellidomenor').val() + '\", \"menorapellido2\":\"' + jQuery('#apellidomenor2').val() + '\", \"contrato\":\"\", \"mensaje\":\"' + jQuery('#mensaje').val() + '\", \"movil\":\"' + jQuery('#movil').val() + '\", \"dniRAW\":\"' + btoa(reader.result) + '\"}';\t\t\t\t\n\t\t\t\tconsole.log(parametros);\t\t\t\t\n\t\t\t\tjQuery.ajax({\n\t\t\t\t\ttype: 'POST',\n\t\t\t\t\turl: 'https:\/\/consentimientos.com\/webservice\/api.asmx\/setARSOL_2021',\n\t\t\t\t\tdata: parametros,\n\t\t\t\t\tdataType: 'json',\n\t\t\t\t\tcontentType: \"application\/json; charset=utf-8\",\n\t\t\t\t\tasync: true,\n\t\t\t\t\tsuccess: function (response) {\n\t\t\t\t\t\tconsole.log(response.d);\n\t\t\t\t\t\tcorrecta = response.d;\n\t\t\t\t\t\tjQuery('#div_formulario').hide();\n\t\t\t\t\t\tjQuery('#div_agradecimiento').show();\n\t\t\t\t\t\tlimpiar();\n\t\t\t\t\t},\n\t\t\t\t\terror: function (error) {\n\t\t\t\t\t\tconsole.log(error.responseText);\n\t\t\t\t\t}\n\t\t\t\t});\t\t\t\t\n\t\t\t}\t\t\t\n\t\t\treader.readAsDataURL(file);  \t\t\t\t\t\t\n\t\t}\n\t\tfunction limpiar(){\n\t\t\tjQuery('#nombre').val('');\n\t\t\tjQuery('#apellido').val('');\n\t\t\tjQuery('#apellido2').val('');\n\t\t\tjQuery('#dni').val('');\n\t\t\tjQuery('#dni_file').val('');\t\t\t\n\t\t\tjQuery('#movil').val('');\n\t\t\tjQuery('#email').val('');\n\t\t\tjQuery('#nombremenor').val('');\n\t\t\tjQuery('#apellidomenor').val('');\n\t\t\tjQuery('#apellidomenor2').val('');\n\t\t\tjQuery('#mensaje').val('');\n\t\t\tjQuery('#movil').val('');\n\t\t\tjQuery('#representacion_menor').prop('checked', false);\n\t\t\tjQuery('#no_autorizo_envio_comunicaciones').prop('checked', false);\n\t\t\tjQuery('#no_autorizo_envio_comunicaciones_mensajeria_instantanea').prop('checked', false);\n\t\t\tjQuery('#no_autorizo_publicacion_imagenes_web').prop('checked', false);\n\t\t\tjQuery('#no_autorizo_publicacion_imagenes_redes').prop('checked', false);\n\t\t\tjQuery('#no_autorizo_publicacion_intranet_corporativa').prop('checked', false);\n\t\t\tjQuery('#no_autorizo_cesion_terceros').prop('checked', false);\n\t\t\tjQuery('#no_autorizo_tratamiento_datos_menores').prop('checked', false);\n\t\t\tjQuery('#no_autorizo_tratamiento_datos_bio').prop('checked', false);\n\t\t\tjQuery('#no_autorizo_tratamiento_datos_salud').prop('checked', false);\t\t\t\n\t\t\tjQuery('#no_autorizo_utilizacion_datos_personales_polizas_anuladas').prop('checked', false);\n\t\t}\n\t\tfunction validar(){\n\t\t\tif (document.getElementById('nombre').value==''){\n\t\t\t\talert('Izena eremua ezin da hutsik egon.');\n\t\t\t\treturn false;\n\t\t\t}\t\t\t\n\t\t\tif (document.getElementById('apellido').value==''){\n\t\t\t\talert('Abizena eremua ezin da hutsik egon.');\n\t\t\t\treturn false;\n\t\t\t}\t\t\t\n\t\t\tif (document.getElementById('dni').value==''){\n\t\t\t\talert('NAN eremua ezin da hutsik egon.');\n\t\t\t\treturn false;\n\t\t\t}\t\t\t\n\t\t\tif (jQuery('#email').val()==''){\n\t\t\t\talert('Helbide elektronikoa eremua ezin da hutsik egon.');\n\t\t\t\treturn false;\n\t\t\t}\n\t\t\tif (jQuery('#movil').val()==''){\n\t\t\t\talert('Mugikor zenbakia eremua ezin da hutsik egon.');\n\t\t\t\treturn false;\n\t\t\t}\n\t\t\tvar fileInput = jQuery('#dni_file');\n\t\t\tif (fileInput.length && fileInput[0].files && fileInput[0].files.length) {\t\t\t\t\n\t\t\t\tfile = fileInput[0].files[0]; \/\/ The file\n\t\t\t\tif (file.type.includes('image')) {\t\t\t\t\t\n\t\t\t\t}else{\n\t\t\t\t\talert('Ez da erantsi NAN eremurako baliozko irudirik.');\n\t\t\t\t\treturn false;\n\t\t\t\t}\n\t\t\t}else{\n\t\t\t\talert('Ez da irudi bat erantsi NAN eremurako.');\n\t\t\t\treturn false;\n\t\t\t}\t\t\t\t\n\t\t\treturn true;\n\t\t}\n\t\tfunction enviarclick(){\n\t\t\tif(validar()){\t\t\n\t\t\t\tsetArsol();\t\t\t\t\n\t\t\t}\n\t\t}\n\t\tjQuery( document ).ready(function() {\n\t\t\tjQuery('#derecho').change(function() {\n\t\t\t\tif (jQuery('#derecho').children(\"option:selected\").val() == 'limitacion' || jQuery('#derecho').children(\"option:selected\").val() == 'oposicion'){\n\t\t\t\t\tjQuery('#divCheckbox').show();\n\t\t\t\t}else{\n\t\t\t\t\tjQuery('#divCheckbox').hide();\n\t\t\t\t}\n\t\t\t});\n\t\t\tjQuery('#representacion_menor').change(function() {\n\t\t\t\tif(this.checked) {            \n\t\t\t\t\tjQuery('#divMenor').show();\n\t\t\t\t}else{\n\t\t\t\t\tjQuery('#divMenor').hide();\n\t\t\t\t}      \n\t\t\t});\n\t\t});\n\t\t<\/script><\/p>\n<style>\n\t\t\t#form_arsol input[type=text]{\n\t\t\t\twidth: 250px;\n\t\t\t\theight: 30px;\n\t\t\t}\n\t\t\t#form_arsol .etiqueta{\n\t\t\t\tdisplay: inline-block;\n\t\t\t\twidth: 150px;\n\t\t\t}\n\t\t<\/style>\n<h1>ArSol eskubideak erabiltzea <\/h1>\n<div id=\"texto_legal\">\n<h3>Zein dira zure eskubideak zure datuak ematen dizkiguzunean?<\/h3>\n<p>Edozein pertsonak du eskubidea Otsagabia Udala enpresan beraiei buruzko datu pertsonalak tratatzen ari garen ala ez baieztatzeko. Interesdunek eskubidea dute beren datu pertsonalak eskuratzeko, bai eta datu okerrak zuzentzeko eskatzeko ere, edo, hala badagokio, ezabatzeko eskatzeko, baldin eta, besteak beste, datuak ez badira beharrezkoak bildu ziren helburuetarako.<\/p>\n<p>Egoera jakin batzuetan, interesdunek beren datuen tratamendua mugatzea eskatu ahal izango dute; kasu horretan, erreklamazioak egiteko edo defendatzeko baino ez ditugu gordeko. Egoera jakin batzuetan, eta beren egoera partikularrarekin zerikusia duten arrazoiengatik, interesdunek beren datuak tratatzearen aurka egin ahal izango dute. Kasu horretan, Otsagabia Udala enpresak datuak tratatzeari utziko dio, premiazko arrazoi legitimoak daudenean izan ezik, edo erreklamazioak gauzatzeari edo defendatzeari. Helburu jakin baterako baimena eman badu, eskubidea du edozein unetan emandako adostasuna erretiratzeko, baliogabetzeko, baina horrek ez dio eragingo kendu aurreko baimenean oinarritutako tratamenduaren zilegitasunari.<\/p>\n<p>Zure eskubideak materialki honela erabili ahal izango dituzu: &#8220;Arsol Eskubideak erabiltzea&#8221; inprimakia betez. Zure datu pertsonalak babesteari dagokionez zure eskubideak urratuta sentitzen badituzu, batez ere zure eskubideak baliatzean gogobetetzerik lortu ez baduzu, erreklamazioa aurkez dezakezu Datuen Babesaren arloko Kontrol Agintaritzan, www.agpd.es webgunearen bidez.<\/p>\n<\/p><\/div>\n<p><\/p>\n<div id=\"login\" style=\"margin-top:20px;\">\n<div id=\"div_formulario\" style=\"margin-bottom:40px;\">\n<form id=\"form_arsol\" class=\"form_arsol\" method=\"post\" onsubmit=\"return false;\">\n\t\t\t\t\t<label for=\"nombre\" class=\"etiqueta\">Izena *: <\/label><br \/>\n\t\t\t\t\t<input type=\"text\" id=\"nombre\" name=\"nombre\" placeholder=\"* Izena\" class=\"input\" \/><\/p>\n<p>\t\t\t\t\t<label for=\"apellido\" class=\"etiqueta\">Abizena *: <\/label><br \/>\n\t\t\t\t\t<input type=\"text\" id=\"apellido\" name=\"apellido\" placeholder=\"* Abizena\" class=\"input\" \/><\/p>\n<p>\t\t\t\t\t<label for=\"apellido2\" class=\"etiqueta\">2. abizena *: <\/label><br \/>\n\t\t\t\t\t<input type=\"text\" id=\"apellido2\" name=\"apellido2\" placeholder=\"* Abizena 2\" class=\"input\" \/><\/p>\n<p>\t\t\t\t\t<label for=\"DNI\" class=\"etiqueta\">NAN *: <\/label><br \/>\n\t\t\t\t\t<input type=\"text\" id=\"dni\" name=\"dni\" placeholder=\"* NAN\" class=\"input\"\/><\/p>\n<p>\t\t\t\t\t<label for=\"dni_file\" class=\"etiqueta\">Imagen DNI *: <\/label><br \/>\n\t\t\t\t\t<input type=\"file\" id=\"dni_file\" name=\"dni_file\"><\/p>\n<p>\t\t\t\t\t<label for=\"email\" class=\"etiqueta\">Helbide elektronikoa *: <\/label><br \/>\n\t\t\t\t\t<input type=\"text\" id=\"email\" name=\"email\" placeholder=\"* Helbide elektronikoa\" class=\"input\" \/><\/p>\n<p>\t\t\t\t\t<label for=\"movil\" class=\"etiqueta\">Mugikorra *: <\/label><br \/>\n\t\t\t\t\t<input type=\"text\" id=\"movil\" name=\"movil\" placeholder=\"* Mugikorra\" class=\"input\" \/><\/p>\n<p>\t\t\t\t\t<input type=\"checkbox\" id=\"representacion_menor\" name=\"representacion_menor\" \/><br \/>\n\t\t\t\t\t<label for=\"representacion_menor\" style=\"width:300px;\">Adingabearen ordezkari gisa:.<\/label><\/p>\n<div id=\"divMenor\" style=\"display:none;\">\n\t\t\t\t\t\t<label for=\"nombremenor\" class=\"etiqueta\">Adingabearen izena  *: <\/label><br \/>\n\t\t\t\t\t\t<input type=\"text\" id=\"nombremenor\" name=\"nombremenor\" placeholder=\"* Izena\" class=\"input\" \/><\/p>\n<p>\t\t\t\t\t\t<label for=\"apellidomenor\" class=\"etiqueta\">Adingabearen abizena  *: <\/label><br \/>\n\t\t\t\t\t\t<input type=\"text\" id=\"apellidomenor\" name=\"apellidomenor\" placeholder=\"* Abizena\" class=\"input\" \/><\/p>\n<p>\t\t\t\t\t\t<label for=\"apellidomenor2\" class=\"etiqueta\">Adingabearen 2. abizena  *: <\/label><br \/>\n\t\t\t\t\t\t<input type=\"text\" id=\"apellidomenor2\" name=\"apellidomenor2\" placeholder=\"* Abizena 2\" class=\"input\" \/><\/p><\/div>\n<p>\t\t\t\t\t<label for=\"mensaje\" class=\"etiqueta\">Mezua: <\/label><br \/>\n\t\t\t\t\t<textarea type=\"text\" id=\"mensaje\" name=\"mensaje\" placeholder=\"Mensaje\" class=\"input\" style=\"background: #fbfbfb;color: #72777c;opacity: 1;font-size: 24px;width: 100%;padding: 3px;margin: 2px 6px 16px 0;\"><\/textarea><\/p>\n<p>\t\t\t\t\t<label for=\"derecho\">Eskubidea: <\/label><br \/>\n\t\t\t\t\t<select id=\"derecho\" name=\"derecho\"><option value=\"acceso\">Eskuratzea<\/option><option value=\"rectificacion\">Zuzentzea<\/option><option value=\"supresion\">Ezabatzea<\/option><option value=\"limitacion\">Mugatzea<\/option><option value=\"oposicion\">Aurka egiteko eskubidea<\/option><option value=\"portabilidad\">Eramangarritasunerako eskubidea<\/option><option value=\"revocacion\">Baliogabetzea<\/option><\/select><\/p>\n<div id=\"divCheckbox\" style=\"display:none;\">\n\t\t\t\t\t\t<input type=\"checkbox\" id=\"no_autorizo_envio_comunicaciones\" name=\"no_autorizo_envio_comunicaciones\" \/><br \/>\n\t\t\t\t\t\t<label for=\"no_autorizo_envio_comunicaciones\">Ez dut baimenik ematen merkataritza-komunikazioak bidaltzeko.<\/label><\/p>\n<p>\t\t\t\t\t\t<input type=\"checkbox\" id=\"no_autorizo_envio_comunicaciones_mensajeria_instantanea\" name=\"no_autorizo_envio_comunicaciones_mensajeria_instantanea\" \/><br \/>\n\t\t\t\t\t\t<label for=\"no_autorizo_envio_comunicaciones_mensajeria_instantanea\">Ez dut baimenik ematen komunikazioak bidaltzeko berehalako mezularitza-sistemen, smsen, whasap-en edo antzeko plataformen bidez.<\/label><\/p>\n<p>\t\t\t\t\t\t<input type=\"checkbox\" id=\"no_autorizo_publicacion_imagenes_web\" name=\"no_autorizo_publicacion_imagenes_web\" \/><br \/>\n\t\t\t\t\t\t<label for=\"no_autorizo_publicacion_imagenes_web\">Ez dut baimenik ematen webean irudiak argitaratzeko.<\/label><\/p>\n<p>\t\t\t\t\t\t<input type=\"checkbox\" id=\"no_autorizo_publicacion_imagenes_redes\" name=\"no_autorizo_publicacion_imagenes_redes\" \/><br \/>\n\t\t\t\t\t\t<label for=\"no_autorizo_publicacion_imagenes_redes\">Ez dut baimenik ematen datu txikiak tratatzeko.<\/label><\/p>\n<p>\t\t\t\t\t\t<input type=\"checkbox\" id=\"no_autorizo_publicacion_intranet_corporativa\" name=\"no_autorizo_publicacion_intranet_corporativa\" \/><br \/>\n\t\t\t\t\t\t<label for=\"no_autorizo_publicacion_intranet_corporativa\">Ez dut baimenik ematen intranet korporatiboan irudiak argitaratzeko.<\/label><\/p>\n<p>\t\t\t\t\t\t<input type=\"checkbox\" id=\"no_autorizo_cesion_terceros\" name=\"no_autorizo_cesion_terceros\" \/><br \/>\n\t\t\t\t\t\t<label for=\"no_autorizo_cesion_terceros\">Ez dut baimenik ematen datu txikiak tratatzeko.<\/label><\/p>\n<p>\t\t\t\t\t\t<input type=\"checkbox\" id=\"no_autorizo_tratamiento_datos_menores\" name=\"no_autorizo_tratamiento_datos_menores\" \/><br \/>\n\t\t\t\t\t\t<label for=\"no_autorizo_tratamiento_datos_menores\">Ez dut baimenik ematen intranet korporatiboan irudiak argitaratzeko<\/label><\/p>\n<p>\t\t\t\t\t\t<input type=\"checkbox\" id=\"no_autorizo_tratamiento_imagenes_reconocimiento_facial\" name=\"no_autorizo_tratamiento_imagenes_reconocimiento_facial\" \/><br \/>\n\t\t\t\t\t\t<label for=\"no_autorizo_tratamiento_imagenes_reconocimiento_facial\">Ez dut baimenik ematen aurpegiak ezagutzeko sistemetarako irudiak tratatzeko, sarbideak kontrolatzeko edota lanaldiak erregistratzeko.<\/label><\/p>\n<p>\t\t\t\t\t\t<input type=\"checkbox\" id=\"no_autorizo_tratamiento_datos_bio\" name=\"no_autorizo_tratamiento_datos_bio\" \/><br \/>\n\t\t\t\t\t\t<label for=\"no_autorizo_tratamiento_datos_bio\">Ez dut baimenik ematen datu biometrikoak tratatzeko, hala nola aztarna, sarbideak kontrolatzeko sistemetarako eta\/edo lanaldi-erregistroetarako.<\/label><\/p>\n<p>\t\t\t\t\t\t<input type=\"checkbox\" id=\"no_autorizo_tratamiento_datos_salud\" name=\"no_autorizo_tratamiento_datos_salud\" \/><br \/>\n\t\t\t\t\t\t<label for=\"no_autorizo_tratamiento_datos_salud\">Ez dut baimenik ematen osasun-datuak tratatzeko.<\/label><\/p>\n<p>\t\t\t\t\t\t<<input type=\"checkbox\" id=\"no_autorizo_utilizacion_datos_personales_polizas_anuladas\" name=\"no_autorizo_utilizacion_datos_personales_polizas_anuladas\" \/><br \/>\n\t\t\t\t\t\t<label for=\"no_autorizo_utilizacion_datos_personales_polizas_anuladas\">Ez dut baimenik ematen baliogabetutako polizien datu pertsonalak aseguru-kontratu berriak kontratatzeko erabiltzeko eta hainbat aseguru-erakunderi lagatzeko.<\/label><\/p>\n<p>\t\t\t\t\t\t<label for=\"otros_derechos\">Beste eskubide batzuk.<\/label><br \/>\n\t\t\t\t\t\t<input type=\"text\" id=\"otros_derechos\" name=\"otros_derechos\"\/>\n\t\t\t\t\t<\/div>\n<div style=\"text-align:left;\">\n\t\t\t\t\tDatu Pertsonalen Babeserako 2016\/679 EB Erregelamendu Orokorra eta 3\/2018 DBLO eta Eskubide Digitalen Bermerako Erregelamendua betez, jakinarazten dizugu zuzentzen zaizun enpresak jokatzen duela formulario honetan emandako datuen tratamenduaren arduradun gisa, legezko betebehar bat betetzeko oinarri juridikoarekin, tratamendua eta beste eskubide batzuk eskuratzeko, zuzentzeko, ezabatzeko edo mugatzeko oinarrizko eskubideak artatzeko helburuarekin. Era berean, jakinarazten dizugu ez zaizkiela hirugarren hartzaileei lagatzen, kontrol-agintaritzak, Datuak Babesteko Espainiako Agentziak, hala eskatu ezean.\n\t\t\t\t\t<\/div>\n<p>\t\t\t\t\t<!--<input type=\"checkbox\" id=\"autorizo_publicacion_imagenes\" name=\"autorizo_publicacion_imagenes\" \/>\n\t\t\t\t\t<label for=\"autorizo_publicacion_imagenes\">Autorizo la publicaci\u00f3n de datos personales no necesarios para la relaci\u00f3n laboral, incluidas im\u00e1genes en los medios corporativos de la empresa (Workday, p\u00e1gina web, RRSS, revistas y folletos)<\/label>\n\n\n\t\t\t\t\t--><br \/>\n\t\t\t\t\t<button type=\"button\" onclick=\"enviarclick();return false;\" class=\"button button-primary button-large\" style=\"margin-right:10px;\">Bidali<\/button><\/p>\n<p>\t<br \/>\n\t\t\t\t\t<small><i>* duten eremuak nahitaezkoak dira<\/i><\/small><\/p>\n<p>\t\t\t\t\t<!--<a href=\"https:\/\/consentimientos.com\/uploads\/3a47dbb5ff8a2d4ab84a68c714da50c6.pdf\" style=\"color:black;\" target=\"_blank\">Pol\u00edtica de privacidad y deber de informaci\u00f3n<\/a>--><br \/>\n\t\t\t\t<\/form>\n<\/p><\/div>\n<div id=\"div_agradecimiento\" style=\"display:none;text-align:center;margin-top:100px;margin-bottom:250px;color:black;\">\n<h1>Zure eskaera bidali da.<\/h1>\n<\/p><\/div>\n<\/p><\/div>\n","protected":false},"excerpt":{"rendered":"<p>ArSol eskubideak erabiltzea Zein dira zure eskubideak zure datuak ematen dizkiguzunean? Edozein pertsonak du eskubidea Otsagabia Udala enpresan beraiei buruzko datu pertsonalak tratatzen ari garen ala ez baieztatzeko. Interesdunek eskubidea dute beren datu pertsonalak eskuratzeko, bai eta datu okerrak zuzentzeko eskatzeko ere, edo, hala badagokio, ezabatzeko eskatzeko, baldin eta, besteak beste, datuak ez badira beharrezkoak [&hellip;]<\/p>\n","protected":false},"author":1,"featured_media":0,"parent":0,"menu_order":0,"comment_status":"closed","ping_status":"closed","template":"","meta":{"_et_pb_use_builder":"","_et_pb_old_content":"","_et_gb_content_width":"","ngg_post_thumbnail":0,"footnotes":"","_links_to":"","_links_to_target":""},"aioseo_notices":[],"_links":{"self":[{"href":"https:\/\/www.ochagavia.com\/eu\/wp-json\/wp\/v2\/pages\/1185"}],"collection":[{"href":"https:\/\/www.ochagavia.com\/eu\/wp-json\/wp\/v2\/pages"}],"about":[{"href":"https:\/\/www.ochagavia.com\/eu\/wp-json\/wp\/v2\/types\/page"}],"author":[{"embeddable":true,"href":"https:\/\/www.ochagavia.com\/eu\/wp-json\/wp\/v2\/users\/1"}],"replies":[{"embeddable":true,"href":"https:\/\/www.ochagavia.com\/eu\/wp-json\/wp\/v2\/comments?post=1185"}],"version-history":[{"count":2,"href":"https:\/\/www.ochagavia.com\/eu\/wp-json\/wp\/v2\/pages\/1185\/revisions"}],"predecessor-version":[{"id":1187,"href":"https:\/\/www.ochagavia.com\/eu\/wp-json\/wp\/v2\/pages\/1185\/revisions\/1187"}],"wp:attachment":[{"href":"https:\/\/www.ochagavia.com\/eu\/wp-json\/wp\/v2\/media?parent=1185"}],"curies":[{"name":"wp","href":"https:\/\/api.w.org\/{rel}","templated":true}]}}